{"id":77,"date":"2022-04-07T11:29:25","date_gmt":"2022-04-07T14:29:25","guid":{"rendered":"https:\/\/labrv.uchilefau.cl\/?page_id=77"},"modified":"2023-08-14T19:56:51","modified_gmt":"2023-08-14T22:56:51","slug":"presentacion","status":"publish","type":"page","link":"https:\/\/labrv.uchilefau.cl\/","title":{"rendered":"Presentaci\u00f3n"},"content":{"rendered":"\n<h3 class=\"wp-block-heading\"><\/h3>\n\n\n\n<p class=\"has-text-color\" style=\"color:#444444\">El <strong>Laboratorio de Realidad Virtual<\/strong> <strong>(LabRV)<\/strong> es un grupo interdisciplinario de arquitectos, dise\u00f1adores y estudiantes dedicado a la investigaci\u00f3n sobre aplicaciones de realidad virtual y aumentada en arquitectura, construcci\u00f3n y dise\u00f1o. <\/p>\n\n\n\n<p class=\"has-text-color\" style=\"color:#444444\"><\/p>\n\n\n\n<hr class=\"wp-block-separator has-css-opacity\"\/>\n\n\n\n<figure class=\"wp-block-gallery has-nested-images columns-default is-cropped wp-block-gallery-1 is-layout-flex wp-block-gallery-is-layout-flex\">\n<figure class=\"wp-block-image size-large\"><img loading=\"lazy\" decoding=\"async\" width=\"1922\" height=\"1201\" data-id=\"1272\" src=\"https:\/\/labrv.uchilefau.cl\/wp-content\/uploads\/2023\/08\/cropped-Picture1-edited.jpg\" alt=\"\" class=\"wp-image-1272\" srcset=\"https:\/\/labrv.uchilefau.cl\/wp-content\/uploads\/2023\/08\/cropped-Picture1-edited.jpg 1922w, https:\/\/labrv.uchilefau.cl\/wp-content\/uploads\/2023\/08\/cropped-Picture1-edited-300x187.jpg 300w, https:\/\/labrv.uchilefau.cl\/wp-content\/uploads\/2023\/08\/cropped-Picture1-edited-1024x640.jpg 1024w, https:\/\/labrv.uchilefau.cl\/wp-content\/uploads\/2023\/08\/cropped-Picture1-edited-768x480.jpg 768w, https:\/\/labrv.uchilefau.cl\/wp-content\/uploads\/2023\/08\/cropped-Picture1-edited-1536x960.jpg 1536w\" sizes=\"auto, (max-width: 706px) 89vw, (max-width: 767px) 82vw, 740px\" \/><\/figure>\n\n\n\n<figure class=\"wp-block-image size-large\"><img loading=\"lazy\" decoding=\"async\" width=\"2560\" height=\"1600\" data-id=\"1273\" src=\"https:\/\/labrv.uchilefau.cl\/wp-content\/uploads\/2023\/08\/20230509-edited-scaled.jpg\" alt=\"\" class=\"wp-image-1273\" srcset=\"https:\/\/labrv.uchilefau.cl\/wp-content\/uploads\/2023\/08\/20230509-edited-scaled.jpg 2560w, https:\/\/labrv.uchilefau.cl\/wp-content\/uploads\/2023\/08\/20230509-edited-300x188.jpg 300w, https:\/\/labrv.uchilefau.cl\/wp-content\/uploads\/2023\/08\/20230509-edited-1024x640.jpg 1024w, https:\/\/labrv.uchilefau.cl\/wp-content\/uploads\/2023\/08\/20230509-edited-768x480.jpg 768w, https:\/\/labrv.uchilefau.cl\/wp-content\/uploads\/2023\/08\/20230509-edited-1536x960.jpg 1536w, https:\/\/labrv.uchilefau.cl\/wp-content\/uploads\/2023\/08\/20230509-edited-2048x1280.jpg 2048w\" sizes=\"auto, (max-width: 706px) 89vw, (max-width: 767px) 82vw, 740px\" \/><\/figure>\n<\/figure>\n\n\n\n<figure class=\"wp-block-gallery has-nested-images columns-default is-cropped wp-block-gallery-2 is-layout-flex wp-block-gallery-is-layout-flex\">\n<figure class=\"wp-block-image size-large\"><img loading=\"lazy\" decoding=\"async\" width=\"800\" height=\"500\" data-id=\"1271\" src=\"https:\/\/labrv.uchilefau.cl\/wp-content\/uploads\/2023\/08\/bim05-edited.jpg\" alt=\"\" class=\"wp-image-1271\" srcset=\"https:\/\/labrv.uchilefau.cl\/wp-content\/uploads\/2023\/08\/bim05-edited.jpg 800w, https:\/\/labrv.uchilefau.cl\/wp-content\/uploads\/2023\/08\/bim05-edited-300x188.jpg 300w, https:\/\/labrv.uchilefau.cl\/wp-content\/uploads\/2023\/08\/bim05-edited-768x480.jpg 768w\" sizes=\"auto, (max-width: 706px) 89vw, (max-width: 767px) 82vw, 740px\" \/><\/figure>\n\n\n\n<figure class=\"wp-block-image size-full\"><img loading=\"lazy\" decoding=\"async\" width=\"640\" height=\"400\" data-id=\"1270\" src=\"https:\/\/labrv.uchilefau.cl\/wp-content\/uploads\/2023\/08\/20230630-edited.jpg\" alt=\"\" class=\"wp-image-1270\" srcset=\"https:\/\/labrv.uchilefau.cl\/wp-content\/uploads\/2023\/08\/20230630-edited.jpg 640w, https:\/\/labrv.uchilefau.cl\/wp-content\/uploads\/2023\/08\/20230630-edited-300x188.jpg 300w\" sizes=\"auto, (max-width: 640px) 100vw, 640px\" \/><\/figure>\n<\/figure>\n\n\n\n<hr class=\"wp-block-separator has-alpha-channel-opacity\"\/>\n","protected":false},"excerpt":{"rendered":"<p>El Laboratorio de Realidad Virtual (LabRV) es un grupo interdisciplinario de arquitectos, dise\u00f1adores y estudiantes dedicado a la investigaci\u00f3n sobre aplicaciones de realidad virtual y aumentada en arquitectura, construcci\u00f3n y dise\u00f1o.<\/p>\n","protected":false},"author":2,"featured_media":0,"parent":0,"menu_order":0,"comment_status":"closed","ping_status":"closed","template":"","meta":{"_uag_custom_page_level_css":"","pgc_sgb_lightbox_settings":"","footnotes":""},"class_list":["post-77","page","type-page","status-publish","hentry"],"uagb_featured_image_src":{"full":false,"thumbnail":false,"medium":false,"medium_large":false,"large":false,"1536x1536":false,"2048x2048":false,"twentyseventeen-featured-image":false,"twentyseventeen-thumbnail-avatar":false,"wpvr_mobile":false},"uagb_author_info":{"display_name":"Mauricio Loyola","author_link":"https:\/\/labrv.uchilefau.cl\/?author=2"},"uagb_comment_info":0,"uagb_excerpt":"El Laboratorio de Realidad Virtual (LabRV) es un grupo interdisciplinario de arquitectos, dise\u00f1adores y estudiantes dedicado a la investigaci\u00f3n sobre aplicaciones de realidad virtual y aumentada en arquitectura, construcci\u00f3n y dise\u00f1o.","_links":{"self":[{"href":"https:\/\/labrv.uchilefau.cl\/index.php?rest_route=\/wp\/v2\/pages\/77","targetHints":{"allow":["GET"]}}],"collection":[{"href":"https:\/\/labrv.uchilefau.cl\/index.php?rest_route=\/wp\/v2\/pages"}],"about":[{"href":"https:\/\/labrv.uchilefau.cl\/index.php?rest_route=\/wp\/v2\/types\/page"}],"author":[{"embeddable":true,"href":"https:\/\/labrv.uchilefau.cl\/index.php?rest_route=\/wp\/v2\/users\/2"}],"replies":[{"embeddable":true,"href":"https:\/\/labrv.uchilefau.cl\/index.php?rest_route=%2Fwp%2Fv2%2Fcomments&post=77"}],"version-history":[{"count":35,"href":"https:\/\/labrv.uchilefau.cl\/index.php?rest_route=\/wp\/v2\/pages\/77\/revisions"}],"predecessor-version":[{"id":1274,"href":"https:\/\/labrv.uchilefau.cl\/index.php?rest_route=\/wp\/v2\/pages\/77\/revisions\/1274"}],"wp:attachment":[{"href":"https:\/\/labrv.uchilefau.cl\/index.php?rest_route=%2Fwp%2Fv2%2Fmedia&parent=77"}],"curies":[{"name":"wp","href":"https:\/\/api.w.org\/{rel}","templated":true}]}}